{"id":173,"date":"2019-01-10T14:20:05","date_gmt":"2019-01-10T14:20:05","guid":{"rendered":"http:\/\/hansen-frisoerladen.eu\/?page_id=173"},"modified":"2025-01-01T17:12:07","modified_gmt":"2025-01-01T17:12:07","slug":"hier-die-ueberschrift","status":"publish","type":"page","link":"https:\/\/hansen-frisoerladen.de\/","title":{"rendered":"One Page"},"content":{"rendered":"<p>[vc_row full_width=&#8220;stretch_row_content&#8220;][vc_column css=&#8220;.vc_custom_1613113746237{padding-left: 75px !important;background-color: #dbd4d0 !important;}&#8220; offset=&#8220;vc_col-lg-offset-0&#8243;][vc_single_image image=&#8220;278&#8243; img_size=&#8220;large&#8220; alignment=&#8220;center&#8220; css_animation=&#8220;zoomIn&#8220;][\/vc_column][\/vc_row][vc_row el_id=&#8220;willkommen&#8220;][vc_column width=&#8220;1\/4&#8243;][\/vc_column][vc_column width=&#8220;1\/2&#8243;][vc_empty_space height=&#8220;50px&#8220;][vc_text_separator title=&#8220;Willkommen&#8220;][vc_column_text]<\/p>\n<h6 style=\"text-align: center;\">Liebe zur Sch\u00f6nheit ist Geschmack.<br \/>\nDie Schaffung von Sch\u00f6nheit ist Kunst.<\/h6>\n<p style=\"text-align: center;\">Wir arbeiten daran das Strassenbild zu versch\u00f6nern!<br \/>\nUnd nutzen daf\u00fcr Ihren Kopf!<br \/>\nObwohl einige Haarschnitte st\u00e4rker nachgefragt werden, erhalten Sie bei uns einen Haarschnitt nach Ihren W\u00fcnschen. Wir lieben diese spannende Aufgabe und begleiten Sie gerne bei den kleineren oder gr\u00f6\u00dferen Ver\u00e4nderungen. Unsere Arbeit dreht sich um Ihre Bed\u00fcrfnisse, Ihre Pers\u00f6nlichkeit eben um Ihre W\u00fcnsche. Von unseren erfahrenen Friseuren erhalten Sie deshalb eine umfassende Beratung und einen Haarschnitt, Farbe und Styling welche Ihre pers\u00f6nlichen Vorz\u00fcge optimal unterstreicht und in Ihrem Alltag funktioniert.<\/p>\n<p style=\"text-align: center;\">Was wir anders machen als die Anderen? Am liebsten m\u00f6chten wir die Nat\u00fcrlichkeit der Haare erhalten und die strukturelle Belastung so gering wie m\u00f6glich halten.<\/p>\n<p style=\"text-align: center;\">Es braucht nur einen Kamm und eine Schere, um einen Menschen zu ver\u00e4ndern &#8211; ganz gleich, ob man lediglich ein paar Stellen optimiert, um die Vorz\u00fcge zu betonen, oder gar einen ganz neuen Typ kreiert.<\/p>\n<p style=\"text-align: center;\">Ihr Friseurbesuch sollte ein Moment des Wohlf\u00fchlens und der Erholung sein. Daf\u00fcr sorgen wir! Nehmen Sie Platz, vertrauen Sie unserem erfahrenen Team und entspannen Sie in einem Ambiente, das zum Verweilen einl\u00e4dt.<\/p>\n<p style=\"text-align: center;\"><strong>Wir freuen uns auf Ihren Besuch!<\/strong><\/p>\n<p>[\/vc_column_text][\/vc_column][vc_column width=&#8220;1\/4&#8243;][\/vc_column][\/vc_row][vc_row el_id=&#8220;oeffnungszeiten&#8220;][vc_column][vc_empty_space height=&#8220;50px&#8220;][vc_separator][\/vc_column][\/vc_row][vc_row][vc_column width=&#8220;1\/4&#8243;][\/vc_column][vc_column width=&#8220;1\/2&#8243;][vc_text_separator title=&#8220;\u00d6ffnungszeiten&#8220;][vc_column_text]<\/p>\n<p style=\"text-align: center;\">mo. &#8211; fr.: 09:00 &#8211; 18:30<br \/>\nsa.: 08:00 &#8211; 13:00<\/p>\n<p style=\"text-align: center;\">Und nach Vereinbarung<\/p>\n<p>[\/vc_column_text][vc_empty_space height=&#8220;50px&#8220;][\/vc_column][vc_column width=&#8220;1\/4&#8243;][\/vc_column][\/vc_row][vc_row el_id=&#8220;preise&#8220;][vc_column][vc_row_inner][vc_column_inner][vc_empty_space height=&#8220;50px&#8220;][\/vc_column_inner][\/vc_row_inner][vc_separator][vc_row_inner][vc_column_inner width=&#8220;1\/4&#8243;][\/vc_column_inner][vc_column_inner width=&#8220;1\/2&#8243;][vc_text_separator title=&#8220;Unsere Preise&#8220;][vc_column_text]<\/p>\n<p style=\"text-align: center;\">Wir m\u00f6chten, dass Sie sich bei uns wohlf\u00fchlen und Freude an ihrer Frisur haben. Dazu geh\u00f6rt f\u00fcr uns auch die Transparenz unserer Dienstleistungspreise. Damit Sie jederzeit einen \u00dcberblick haben, gibt es bei uns Komplettpreise, die sich aus unterschiedlichen Elementen zusammensetzen:<\/p>\n<h6 style=\"text-align: center;\"><\/h6>\n<h6 style=\"text-align: center;\">Basiselemente<\/h6>\n<p style=\"text-align: center;\">Schnitt &amp; Styling<br \/>\nStyling<\/p>\n<h6 style=\"text-align: center;\"><\/h6>\n<h6 style=\"text-align: center;\">Zusatzelemente<\/h6>\n<p style=\"text-align: center;\">Coloration<br \/>\nStr\u00e4hnen<br \/>\nUmformung<\/p>\n<p style=\"text-align: center;\">Sie haben die Wahl zwischen einem der beiden Basiselemente und k\u00f6nnen dieses &#8211; wenn Sie es w\u00fcnschen &#8211; ganz einfach mit einem Zusatzelement kombinieren. Egal, f\u00fcr welche Elemente Sie sich entscheiden, in unseren Preisen sind alle erforderlichen Arbeitsschritte und Produkte enthalten.<\/p>\n<p>[\/vc_column_text][\/vc_column_inner][vc_column_inner width=&#8220;1\/4&#8243;][\/vc_column_inner][\/vc_row_inner][\/vc_column][\/vc_row][vc_row][vc_column width=&#8220;1\/6&#8243;][\/vc_column][vc_column width=&#8220;4\/6&#8243;][vc_row_inner][vc_column_inner width=&#8220;5\/12&#8243; css=&#8220;.vc_custom_1549366843665{background-color: #dbd4d0 !important;}&#8220;][vc_column_text]<\/p>\n<h6 style=\"text-align: center;\">Damen:<\/h6>\n<p style=\"text-align: center;\"><span style=\"color: #ffffff;\">Damenschnitt inkl. Beratung und Styling<\/span><br \/>\n<span style=\"color: #ffffff;\">\u20ac 43,00 bis \u20ac 54,00<\/span><\/p>\n<p style=\"text-align: center;\"><span style=\"color: #ffffff;\">Styling, inkl. KMS Produkten<\/span><br \/>\n<span style=\"color: #ffffff;\">\u20ac 27,50 bis \u20ac 34,00<\/span><\/p>\n<p style=\"text-align: center;\"><span style=\"color: #ffffff;\">Farbe inkl. Kur und Beratung<\/span><br \/>\n<span style=\"color: #ffffff;\">\u20ac 41,50 bis \u20ac 45,50<\/span><\/p>\n<p style=\"text-align: center;\"><span style=\"color: #ffffff;\">Str\u00e4hnen inkl. Kur und Beratung<\/span><br \/>\n<span style=\"color: #ffffff;\">\u20ac 63,50 bis \u20ac73,50<\/span><\/p>\n<p>[\/vc_column_text][\/vc_column_inner][vc_column_inner width=&#8220;2\/12&#8243;][\/vc_column_inner][vc_column_inner width=&#8220;5\/12&#8243; css=&#8220;.vc_custom_1549367120128{background-color: #dbd4d0 !important;}&#8220;][vc_column_text]<\/p>\n<h6 style=\"text-align: center;\">Herren:<\/h6>\n<p style=\"text-align: center;\"><span style=\"color: #ffffff;\">Herrenschnitt inkl. Beratung und Styling<br \/>\n<\/span><span style=\"color: #ffffff;\">(10-25 Min.) \u20ac 25,00\u00a0<\/span><\/p>\n<p style=\"text-align: center;\"><span style=\"color: #ffffff;\">Purer Maschinen-Haarschnitt<\/span><br \/>\n<span style=\"color: #ffffff;\">(5-10 Min.) \u20ac 14,50<\/span><\/p>\n<p style=\"text-align: center;\"><span style=\"color: #ffffff;\">Bartpflege<\/span><br \/>\n<span style=\"color: #ffffff;\">(5-25 Min.) \u20ac 5,00 bis \u20ac 16,00<\/span><\/p>\n<p style=\"text-align: center;\"><span style=\"color: #ffffff;\">Graureduzierung<\/span><br \/>\n<span style=\"color: #ffffff;\">(30 Min.) \u20ac 20,00<\/span><\/p>\n<p>[\/vc_column_text][\/vc_column_inner][\/vc_row_inner][\/vc_column][vc_column width=&#8220;1\/6&#8243;][\/vc_column][\/vc_row][vc_row el_id=&#8220;team&#8220;][vc_column][vc_empty_space height=&#8220;50px&#8220;][vc_separator][vc_row_inner][vc_column_inner width=&#8220;1\/4&#8243;][\/vc_column_inner][vc_column_inner width=&#8220;1\/2&#8243;][vc_text_separator title=&#8220;Unser Team&#8220;][vc_column_text]<\/p>\n<p style=\"text-align: center;\">Freundlich. Kompetent. Immer f\u00fcr Sie da.<br \/>\nUnser Team besteht aus:[\/vc_column_text][\/vc_column_inner][vc_column_inner width=&#8220;1\/4&#8243;][\/vc_column_inner][\/vc_row_inner][\/vc_column][vc_column width=&#8220;1\/6&#8243;][\/vc_column][vc_column width=&#8220;4\/6&#8243;][vc_empty_space][vc_row_inner][vc_column_inner width=&#8220;1\/2&#8243;][vc_column_text]<\/p>\n<h5 style=\"text-align: center;\">B. Lay<\/h5>\n<p style=\"text-align: center;\"><strong>Damenfrisoerin<\/strong><br \/>\ndi.: 09.00 &#8211; 14.00<br \/>\nmi.: 09.00 &#8211; 18.30<br \/>\nfr.: 08.00 &#8211; 17.00<br \/>\nsa.: 08.00 &#8211; 13.00<\/p>\n<p>[\/vc_column_text][vc_empty_space][vc_column_text]<\/p>\n<h5 style=\"text-align: center;\">A. Griebe<\/h5>\n<p style=\"text-align: center;\"><strong>Damenfrisoerin<\/strong><br \/>\ndo.: 08.00 &#8211; 16.00<\/p>\n<p>[\/vc_column_text][vc_empty_space][vc_column_text]<\/p>\n<h5 style=\"text-align: center;\">Ole Hansen<\/h5>\n<p style=\"text-align: center;\"><strong>Frisoermeister<\/strong><br \/>\nmo. + do.: 14.00 &#8211; 20.00<br \/>\ndi. + mi.: 08.00 &#8211; 14.00<br \/>\nsa.: 14.00 &#8211; 20.00<\/p>\n<p>[\/vc_column_text][\/vc_column_inner][vc_column_inner width=&#8220;1\/2&#8243;][vc_column_text]<\/p>\n<h5 style=\"text-align: center;\">B. Pirsich<\/h5>\n<p style=\"text-align: center;\"><strong>Herrenfrisoer<\/strong><br \/>\ndi. &#8211; mi.: 14.00 &#8211; 20.00<br \/>\nsa.: 08.00 &#8211; 14.00<\/p>\n<p>[\/vc_column_text][vc_empty_space][vc_column_text]<\/p>\n<h5 style=\"text-align: center;\">E. B\u00f6se<\/h5>\n<p style=\"text-align: center;\"><strong>Herrenfrisoerin<\/strong><br \/>\nmo.: 14.00 &#8211; 20.00<br \/>\ndo.: 14.00 &#8211; 20.00<br \/>\nfr.: 09.00 &#8211; 17.30<\/p>\n<p>[\/vc_column_text][vc_empty_space][vc_column_text]<\/p>\n<h5 style=\"text-align: center;\">C. Storch<\/h5>\n<p style=\"text-align: center;\"><strong>Herrenfrisoerin<\/strong><br \/>\ndi. &#8211; do.: 08.00 &#8211; 14.00<br \/>\nFr\u00fchtermine auf Anfrage<\/p>\n<p>[\/vc_column_text][vc_column_text][\/vc_column_text][\/vc_column_inner][\/vc_row_inner][\/vc_column][vc_column width=&#8220;1\/6&#8243;][\/vc_column][\/vc_row][vc_row el_id=&#8220;kontakt&#8220;][vc_column][vc_empty_space height=&#8220;50px&#8220;][vc_separator][\/vc_column][\/vc_row]<\/p>\n","protected":false},"excerpt":{"rendered":"<p>[vc_row full_width=&#8220;stretch_row_content&#8220;][vc_column css=&#8220;.vc_custom_1613113746237{padding-left: 75px !important;background-color: #dbd4d0 !important;}&#8220; offset=&#8220;vc_col-lg-offset-0&#8243;][vc_single_image image=&#8220;278&#8243; img_size=&#8220;large&#8220; alignment=&#8220;center&#8220; css_animation=&#8220;zoomIn&#8220;][\/vc_column][\/vc_row][vc_row el_id=&#8220;willkommen&#8220;][vc_column width=&#8220;1\/4&#8243;][\/vc_column][vc_column width=&#8220;1\/2&#8243;][vc_empty_space height=&#8220;50px&#8220;][vc_text_separator title=&#8220;Willkommen&#8220;][vc_column_text]<\/p>\n<p>Liebe zur Sch\u00f6nheit ist Geschmack.<br \/>\nDie Schaffung von Sch\u00f6nheit ist Kunst.<\/p>\n<p style=\"text-align: center;\">Wir arbeiten daran das Strassenbild zu versch\u00f6nern!<br \/>\nUnd nutzen daf\u00fcr Ihren Kopf!<br \/>\nObwohl einige Haarschnitte st\u00e4rker nachgefragt werden, erhalten Sie bei uns einen Haarschnitt nach Ihren W\u00fcnschen. Wir lieben diese spannende Aufgabe und begleiten Sie gerne bei den kleineren oder gr\u00f6\u00dferen Ver\u00e4nderungen. Unsere Arbeit dreht sich um Ihre Bed\u00fcrfnisse, Ihre Pers\u00f6nlichkeit eben um Ihre W\u00fcnsche. [&#8230;]<\/p>\n","protected":false},"author":2,"featured_media":0,"parent":0,"menu_order":0,"comment_status":"closed","ping_status":"closed","template":"","meta":[],"_links":{"self":[{"href":"https:\/\/hansen-frisoerladen.de\/index.php?rest_route=\/wp\/v2\/pages\/173"}],"collection":[{"href":"https:\/\/hansen-frisoerladen.de\/index.php?rest_route=\/wp\/v2\/pages"}],"about":[{"href":"https:\/\/hansen-frisoerladen.de\/index.php?rest_route=\/wp\/v2\/types\/page"}],"author":[{"embeddable":true,"href":"https:\/\/hansen-frisoerladen.de\/index.php?rest_route=\/wp\/v2\/users\/2"}],"replies":[{"embeddable":true,"href":"https:\/\/hansen-frisoerladen.de\/index.php?rest_route=%2Fwp%2Fv2%2Fcomments&post=173"}],"version-history":[{"count":137,"href":"https:\/\/hansen-frisoerladen.de\/index.php?rest_route=\/wp\/v2\/pages\/173\/revisions"}],"predecessor-version":[{"id":398,"href":"https:\/\/hansen-frisoerladen.de\/index.php?rest_route=\/wp\/v2\/pages\/173\/revisions\/398"}],"wp:attachment":[{"href":"https:\/\/hansen-frisoerladen.de\/index.php?rest_route=%2Fwp%2Fv2%2Fmedia&parent=173"}],"curies":[{"name":"wp","href":"https:\/\/api.w.org\/{rel}","templated":true}]}}